{"id":1718,"date":"2023-10-06T06:53:21","date_gmt":"2023-10-06T06:53:21","guid":{"rendered":"https:\/\/darkgrey-stork-253397.hostingersite.com\/?page_id=1718"},"modified":"2025-11-25T13:58:34","modified_gmt":"2025-11-25T13:58:34","slug":"datenschutz-und-cookie-richtlinie","status":"publish","type":"page","link":"https:\/\/mjgroup.pl\/de\/datenschutz-und-cookie-richtlinie\/","title":{"rendered":"Datenschutz- und Cookie-Richtlinie"},"content":{"rendered":"<div class=\"fusion-fullwidth fullwidth-box fusion-builder-row-1 fusion-flex-container nonhundred-percent-fullwidth non-hundred-percent-height-scrolling\" style=\"--awb-border-radius-top-left:0px;--awb-border-radius-top-right:0px;--awb-border-radius-bottom-right:0px;--awb-border-radius-bottom-left:0px;--awb-flex-wrap:wrap;\" ><div class=\"fusion-builder-row fusion-row fusion-flex-align-items-flex-start fusion-flex-content-wrap\" style=\"max-width:1352px;margin-left: calc(-4% \/ 2 );margin-right: calc(-4% \/ 2 );\"><div class=\"fusion-layout-column fusion_builder_column fusion-builder-column-0 fusion_builder_column_1_1 1_1 fusion-flex-column\" style=\"--awb-bg-blend:overlay;--awb-bg-size:cover;--awb-width-large:100%;--awb-margin-top-large:0px;--awb-spacing-right-large:1.92%;--awb-margin-bottom-large:0px;--awb-spacing-left-large:1.92%;--awb-width-medium:100%;--awb-spacing-right-medium:1.92%;--awb-spacing-left-medium:1.92%;--awb-width-small:100%;--awb-spacing-right-small:1.92%;--awb-spacing-left-small:1.92%;\"><div class=\"fusion-column-wrapper fusion-flex-justify-content-flex-start fusion-content-layout-column\"><div class=\"fusion-text fusion-text-1\"><p>Datenschutz- und Cookie-Richtlinie von MJGROUP.COM<\/p>\n<p>1. Allgemeine Bestimmungen<\/p>\n<p>Dieses Dokument legt die Grunds\u00e4tze f\u00fcr die Verarbeitung und den Schutz personenbezogener Daten im Zusammenhang mit der Nutzung der Website www.mjgroup.com (im Folgenden \u201eWebsite\u201c oder \u201eMJ Group\u201c) fest.<br \/>\nMJ Group Sp. z o.o. respektiert die Privatsph\u00e4re der Nutzer der Website, sorgt f\u00fcr die Sicherheit ihrer personenbezogenen Daten und wendet geeignete technische und organisatorische Ma\u00dfnahmen an, um unbefugten Zugriff zu verhindern.<br \/>\nUnsere T\u00e4tigkeit erfolgt im Einklang mit den geltenden gesetzlichen Vorschriften, insbesondere:<br \/>\n\u2022 der Verordnung (EU) 2016\/679 des Europ\u00e4ischen Parlaments und des Rates vom 27. April 2016 (DSGVO),<br \/>\n\u2022 dem polnischen Gesetz \u00fcber die Erbringung elektronischer Dienstleistungen vom 18. Juli 2002,<br \/>\n\u2022 dem polnischen Telekommunikationsgesetz vom 16. Juli 2004.<\/p>\n<p>2. Verantwortlicher f\u00fcr die Datenverarbeitung<\/p>\n<p>Verantwortlicher f\u00fcr die \u00fcber die Website erhobenen personenbezogenen Daten ist:<br \/>\nMJ Group Sp. z o.o.<br \/>\nul. Legnicka 48A<br \/>\n53-671 Wroc\u0142aw, Polen<br \/>\nNIP: 9542693530<br \/>\nKontakt zum Verantwortlichen:<br \/>\nE-Mail: hr@mjgroup.com<br \/>\nPostanschrift: MJ Group Sp. z o.o., ul. Legnicka 48A, 53-671 Wroc\u0142aw, Polen<\/p>\n<p>3. Umfang und Zweck der Datenverarbeitung<\/p>\n<p>Die Website mjgroup.com verarbeitet personenbezogene Daten ausschlie\u00dflich zu den folgenden Zwecken:<br \/>\na) Kontaktaufnahme mit dem Unternehmen<br \/>\nDaten, die \u00fcber Kontaktformulare oder per E-Mail \u00fcbermittelt werden, werden verarbeitet, um mit dem Nutzer zu kommunizieren und seine Anfrage zu bearbeiten.<br \/>\nDatenumfang: Name, E-Mail-Adresse, Telefonnummer (optional), Nachrichteninhalt.<br \/>\nRechtsgrundlage: Art. 6 Abs. 1 lit. f DSGVO \u2013 berechtigtes Interesse des Verantwortlichen an der Kommunikation mit Personen, die das Unternehmen kontaktieren.<br \/>\nb) Bewerbungsverfahren<br \/>\nPersonenbezogene Daten von Bewerbern, die \u00fcber das Bewerbungsformular oder per E-Mail (hr@mjgroup.com) \u00fcbermittelt werden, werden zum Zweck der Durchf\u00fchrung des Bewerbungsverfahrens verarbeitet.<br \/>\nDatenumfang: gem\u00e4\u00df Art. 221 des polnischen Arbeitsgesetzbuches (Name, Geburtsdatum, Kontaktdaten, Ausbildung, berufliche Qualifikationen, Besch\u00e4ftigungsverlauf).<br \/>\nWenn der Bewerber zus\u00e4tzliche Daten \u00fcbermittelt, die \u00fcber die gesetzlich erforderlichen hinausgehen, erfolgt die Verarbeitung dieser Daten auf Grundlage seiner Einwilligung.<br \/>\nMit Zustimmung des Bewerbers k\u00f6nnen die Daten auch f\u00fcr zuk\u00fcnftige Bewerbungsverfahren gespeichert werden.<br \/>\nRechtsgrundlagen:<br \/>\n\u2022 Art. 6 Abs. 1 lit. b DSGVO \u2013 Durchf\u00fchrung vorvertraglicher Ma\u00dfnahmen,<br \/>\n\u2022 Art. 6 Abs. 1 lit. c DSGVO \u2013 Erf\u00fcllung rechtlicher Pflichten gem\u00e4\u00df Arbeitsrecht,<br \/>\n\u2022 Art. 6 Abs. 1 lit. a DSGVO \u2013 Einwilligung f\u00fcr zuk\u00fcnftige Bewerbungsverfahren.<\/p>\n<p>c) Newsletter<\/p>\n<p>Wenn der Nutzer den Newsletter abonniert, werden seine Daten (Name, E-Mail-Adresse) verarbeitet, um Marketing- und Brancheninformationen von MJ Group zu versenden.<br \/>\nRechtsgrundlage: Art. 6 Abs. 1 lit. a DSGVO \u2013 Einwilligung des Nutzers, die jederzeit widerrufen werden kann.<\/p>\n<p>4. Aufbewahrungsdauer der Daten<\/p>\n<p>Personenbezogene Daten werden gespeichert:<br \/>\n\u2022 f\u00fcr die Dauer, die zur Bearbeitung der Anfrage oder Korrespondenz erforderlich ist,<br \/>\n\u2022 im Rahmen von Bewerbungsverfahren \u2013 f\u00fcr die Dauer des Prozesses oder bis zum Widerruf der Einwilligung f\u00fcr zuk\u00fcnftige Verfahren,<br \/>\n\u2022 im Fall des Newsletters \u2013 bis zum Widerruf der Einwilligung,<br \/>\n\u2022 bis zum Ablauf etwaiger gesetzlicher Anspr\u00fcche.<br \/>\nNach Ablauf dieser Fristen werden die Daten endg\u00fcltig gel\u00f6scht oder anonymisiert.<\/p>\n<p>5. Weitergabe personenbezogener Daten<\/p>\n<p>MJ Group verkauft oder \u00fcbermittelt personenbezogene Daten nicht an Dritte, mit Ausnahme von:<br \/>\n\u2022 Unternehmen, die uns beim Betrieb der Website unterst\u00fctzen (z. B. Hosting-Dienste, IT-Dienstleister, Personal- und Buchhaltungsdienste),<br \/>\n\u2022 Anbietern von Analyse- und Marketingtools (z. B. Meta, LinkedIn),<br \/>\n\u2022 \u00f6ffentlichen Beh\u00f6rden, die aufgrund gesetzlicher Vorschriften dazu berechtigt sind.<br \/>\nIn jedem Fall wird der Umfang der weitergegebenen Daten auf das notwendige Minimum beschr\u00e4nkt.<\/p>\n<p>6. Daten\u00fcbermittlung au\u00dferhalb des EWR<\/p>\n<p>Durch die Nutzung von Tools, die von Meta Platforms Inc. (Facebook, Instagram) und LinkedIn Corporation bereitgestellt werden, k\u00f6nnen Daten in L\u00e4nder au\u00dferhalb des Europ\u00e4ischen Wirtschaftsraums (EWR), einschlie\u00dflich der Vereinigten Staaten, \u00fcbermittelt werden.<br \/>\nDiese \u00dcbermittlungen erfolgen gem\u00e4\u00df den Bestimmungen der DSGVO auf Grundlage der von der Europ\u00e4ischen Kommission genehmigten Standardvertragsklauseln (SCC).<\/p>\n<p>7. Rechte der betroffenen Personen<\/p>\n<p>Jeder Nutzer hat das Recht:<br \/>\n\u2022 auf Auskunft \u00fcber seine Daten und Erhalt einer Kopie,<br \/>\n\u2022 auf Berichtigung seiner Daten,<br \/>\n\u2022 auf L\u00f6schung seiner Daten (\u201eRecht auf Vergessenwerden\u201c),<br \/>\n\u2022 auf Einschr\u00e4nkung der Verarbeitung,<br \/>\n\u2022 auf Daten\u00fcbertragbarkeit,<br \/>\n\u2022 auf Widerspruch gegen die Verarbeitung aufgrund berechtigter Interessen des Verantwortlichen,<br \/>\n\u2022 auf Widerruf der Einwilligung jederzeit (sofern die Verarbeitung auf Einwilligung beruht),<br \/>\n\u2022 auf Beschwerde bei der polnischen Datenschutzaufsichtsbeh\u00f6rde (UODO).<\/p>\n<p>8. Automatisierte Entscheidungen und Profiling<\/p>\n<p>Personenbezogene Daten werden nicht f\u00fcr automatisierte Entscheidungsfindung oder Profiling verwendet.<\/p>\n<p>9. Cookie-Richtlinie<br \/>\na) Was sind Cookies?<br \/>\nCookies sind kleine Textdateien, die auf dem Ger\u00e4t des Nutzers gespeichert werden, um das ordnungsgem\u00e4\u00dfe Funktionieren der Website sowie die Analyse des Nutzerverhaltens und der Pr\u00e4ferenzen zu erm\u00f6glichen.<br \/>\nb) Zweck der Verwendung von Cookies:<br \/>\n\u2022 Sicherstellung des ordnungsgem\u00e4\u00dfen Betriebs der Website,<br \/>\n\u2022 Anpassung der Inhalte an die Pr\u00e4ferenzen des Nutzers,<br \/>\n\u2022 Erstellung anonymer Besuchsstatistiken (Google Analytics, Meta Pixel, LinkedIn Insight Tag),<br \/>\n\u2022 Aufrechterhaltung der Nutzersitzung (z. B. beim Login oder Newsletter-Abonnement)<br \/>\nc) Arten von Cookies:<br \/>\n\u2022 Sitzungs-Cookies \u2013 werden nach dem Schlie\u00dfen des Browsers gel\u00f6scht,<br \/>\n\u2022 Permanente Cookies \u2013 werden f\u00fcr einen bestimmten Zeitraum oder bis zur L\u00f6schung durch den Nutzer gespeichert.<br \/>\nd) Verwaltung von Cookies:<br \/>\nDer Nutzer kann die Einstellungen seines Browsers jederzeit \u00e4ndern, um die Speicherung von Cookies zu blockieren oder bereits gespeicherte Dateien zu l\u00f6schen.<br \/>\nDie Einschr\u00e4nkung der Verwendung von Cookies kann jedoch die Funktionalit\u00e4t der Website beeintr\u00e4chtigen.<br \/>\nWeitere Informationen \u00fcber Cookies finden Sie unter: www.wszystkoociasteczkach.pl<\/p>\n<p>10. \u00c4nderungen der Datenschutzrichtlinie<\/p>\n<p>MJ Group Sp. z o.o. beh\u00e4lt sich das Recht vor, \u00c4nderungen an dieser Datenschutzrichtlinie vorzunehmen.<br \/>\nDie aktuelle Version des Dokuments ist jederzeit auf www.mjgroup.com im Bereich \u201eDatenschutzrichtlinie\u201c verf\u00fcgbar.<\/p>\n<p>11. Kontakt bez\u00fcglich personenbezogener Daten<\/p>\n<p>Alle Anfragen, Antr\u00e4ge oder Forderungen im Zusammenhang mit personenbezogenen Daten sind zu richten an:<br \/>\nhr@mjgroup.com<br \/>\nDer Verantwortliche wird innerhalb von 30 Tagen nach Eingang der Anfrage antworten.<br \/>\nMJ Group Sp. z o.o.<br \/>\nul. Legnicka 48A<br \/>\n53-671 Wroc\u0142aw, Polen<br \/>\nwww.mjgroup.com<\/p>\n<\/div><\/div><\/div><\/div><\/div>\n","protected":false},"excerpt":{"rendered":"","protected":false},"author":3,"featured_media":0,"parent":0,"menu_order":0,"comment_status":"closed","ping_status":"closed","template":"","meta":{"footnotes":""},"class_list":["post-1718","page","type-page","status-publish","hentry"],"_links":{"self":[{"href":"https:\/\/mjgroup.pl\/de\/wp-json\/wp\/v2\/pages\/1718","targetHints":{"allow":["GET"]}}],"collection":[{"href":"https:\/\/mjgroup.pl\/de\/wp-json\/wp\/v2\/pages"}],"about":[{"href":"https:\/\/mjgroup.pl\/de\/wp-json\/wp\/v2\/types\/page"}],"author":[{"embeddable":true,"href":"https:\/\/mjgroup.pl\/de\/wp-json\/wp\/v2\/users\/3"}],"replies":[{"embeddable":true,"href":"https:\/\/mjgroup.pl\/de\/wp-json\/wp\/v2\/comments?post=1718"}],"version-history":[{"count":3,"href":"https:\/\/mjgroup.pl\/de\/wp-json\/wp\/v2\/pages\/1718\/revisions"}],"predecessor-version":[{"id":1722,"href":"https:\/\/mjgroup.pl\/de\/wp-json\/wp\/v2\/pages\/1718\/revisions\/1722"}],"wp:attachment":[{"href":"https:\/\/mjgroup.pl\/de\/wp-json\/wp\/v2\/media?parent=1718"}],"curies":[{"name":"wp","href":"https:\/\/api.w.org\/{rel}","templated":true}]}}